{"id":7,"date":"2025-10-15T12:30:05","date_gmt":"2025-10-15T12:30:05","guid":{"rendered":"https:\/\/svennolino.de\/?page_id=7"},"modified":"2025-10-15T21:04:00","modified_gmt":"2025-10-15T21:04:00","slug":"home","status":"publish","type":"page","link":"https:\/\/svennolino.de\/","title":{"rendered":"Home"},"content":{"rendered":"<p>[et_pb_section fb_built=&#8220;1&#8243; admin_label=&#8220;Header&#8220; _builder_version=&#8220;4.27.4&#8243; _module_preset=&#8220;da5f49f5-a8db-47d7-ab1f-89e813ebdf79&#8243; background_color_gradient_direction=&#8220;120deg&#8220; background_color_gradient_stops=&#8220;gcid-2e4fc108-54e3-4192-bb4f-04a8a2e756ea 0%|rgba(255,255,255,0) 99%&#8220; background_image=&#8220;https:\/\/svennolino.de\/wp-content\/uploads\/2025\/10\/DJI_20251003170625_0112_D-2-scaled.jpg&#8220; parallax=&#8220;on&#8220; custom_padding=&#8220;||0px||false|false&#8220; collapsed=&#8220;on&#8220; global_colors_info=&#8220;{}&#8220;][et_pb_row _builder_version=&#8220;4.21.0&#8243; _module_preset=&#8220;default&#8220; global_colors_info=&#8220;{}&#8220;][et_pb_column type=&#8220;4_4&#8243; _builder_version=&#8220;4.21.0&#8243; _module_preset=&#8220;default&#8220; global_colors_info=&#8220;{}&#8220;][et_pb_heading title=&#8220;@SVENNOLINO &#8211; DRONEPHOTOGRAPHY&#8220; _builder_version=&#8220;4.27.4&#8243; _module_preset=&#8220;ddcb0887-c869-4d2a-a93a-4a6bd647b9cb&#8220; custom_margin=&#8220;||0px||false|false&#8220; global_colors_info=&#8220;{}&#8220;][\/et_pb_heading][et_pb_divider _builder_version=&#8220;4.27.4&#8243; _module_preset=&#8220;5200da7b-563b-4c0c-bd07-5e3961b55ef6&#8243; max_width=&#8220;120px&#8220; global_colors_info=&#8220;{}&#8220;][\/et_pb_divider][et_pb_heading title=&#8220;Eintauchen. Staunen. Genie\u00dfen. F\u00fchlen.&#8220; _builder_version=&#8220;4.27.4&#8243; _module_preset=&#8220;d0f23428-c8f5-4bf3-ae39-ba524bdadbd0&#8243; global_colors_info=&#8220;{}&#8220;][\/et_pb_heading][\/et_pb_column][\/et_pb_row][\/et_pb_section][et_pb_section fb_built=&#8220;1&#8243; admin_label=&#8220;About&#8220; _builder_version=&#8220;4.27.4&#8243; _module_preset=&#8220;default&#8220; collapsed=&#8220;on&#8220; global_colors_info=&#8220;{}&#8220;][et_pb_row column_structure=&#8220;1_2,1_2&#8243; _builder_version=&#8220;4.21.0&#8243; _module_preset=&#8220;default&#8220; global_colors_info=&#8220;{}&#8220;][et_pb_column type=&#8220;1_2&#8243; _builder_version=&#8220;4.21.0&#8243; _module_preset=&#8220;default&#8220; global_colors_info=&#8220;{}&#8220;][et_pb_image src=&#8220;https:\/\/svennolino.de\/wp-content\/uploads\/2025\/10\/DSC00550-scaled.jpg&#8220; title_text=&#8220;DSC00550&#8243; _builder_version=&#8220;4.27.4&#8243; _module_preset=&#8220;default&#8220; global_colors_info=&#8220;{}&#8220;][\/et_pb_image][\/et_pb_column][et_pb_column type=&#8220;1_2&#8243; _builder_version=&#8220;4.21.0&#8243; _module_preset=&#8220;default&#8220; global_colors_info=&#8220;{}&#8220;][et_pb_heading title=&#8220;\u00dcber mich&#8220; _builder_version=&#8220;4.27.4&#8243; _module_preset=&#8220;20b50701-0c50-4ee8-96e3-a6bec2fbe880&#8243; custom_margin=&#8220;||||false|false&#8220; locked=&#8220;off&#8220; global_colors_info=&#8220;{}&#8220;][\/et_pb_heading][et_pb_text _builder_version=&#8220;4.27.4&#8243; _module_preset=&#8220;2d227b19-661b-4595-9210-b3e662b763ad&#8220; global_colors_info=&#8220;{}&#8220;]<\/p>\n<p>Ich wurde 1975 in Salzgitter geboren, bin in Hamburg aufgewachsen und lebe seit 2005 mit meiner Familie in Elmshorn. Bereits in meiner Kindheit bin ich gern mit der Kamera unterwegs gewesen. Meine erste Drohne hatte ich mir 2019 angeschafft, nachdem ich von Urlaubsbildern eines Arbeitskollegen begeistert war. Seit dem bin ich immer wieder gern mit dem Fahrrad, dem Fotoapparat und meiner Drohne unterwegs zu sch\u00f6nen Orten in der Umgebung, in Norddeutschland oder den skandinavischen L\u00e4ndern D\u00e4nemark. Es ist mir eine Freude, euch eine Freude zu machen beim Eintauchen, Staunen, Genie\u00dfen und F\u00fchlen dieser Orte aus der anderen Perspektive.<\/p>\n<p>Beruflich arbeite als Senior Consultant in einem IT-Unternehmen in Hamburg. Mein Hobby habe ich als Kleinunternehmer auch zu einem Nebenberuf gemacht. Falls ihr Interesse an Aufnahmen aus anderer Perspektive habt, meldet euch gern bei mir. Wenn ihr einfach nur genie\u00dfen m\u00f6chtet, dann folgt mir gern bei YouTube und TikTok.<\/p>\n<p>&nbsp;<\/p>\n<p>[\/et_pb_text][et_pb_button button_text=&#8220;Erfahre mehr \u00fcber mich &#8230;&#8220; _builder_version=&#8220;4.27.4&#8243; _module_preset=&#8220;24d0a342-524d-4414-a34c-03ad7a1520ea&#8220; global_colors_info=&#8220;{}&#8220;][\/et_pb_button][\/et_pb_column][\/et_pb_row][\/et_pb_section][et_pb_section fb_built=&#8220;1&#8243; admin_label=&#8220;Call to Action&#8220; _builder_version=&#8220;4.27.4&#8243; _module_preset=&#8220;da5f49f5-a8db-47d7-ab1f-89e813ebdf79&#8243; background_image=&#8220;https:\/\/svennolino.de\/wp-content\/uploads\/2025\/10\/DJI_20251003165747_0106_D-HDR-scaled.jpg&#8220; parallax=&#8220;on&#8220; background_blend=&#8220;color-dodge&#8220; custom_padding=&#8220;8vw||8vw||true|false&#8220; collapsed=&#8220;on&#8220; global_colors_info=&#8220;{}&#8220;][et_pb_row column_structure=&#8220;1_3,1_3,1_3&#8243; _builder_version=&#8220;4.21.0&#8243; _module_preset=&#8220;default&#8220; locked=&#8220;off&#8220; global_colors_info=&#8220;{}&#8220;][et_pb_column type=&#8220;1_3&#8243; _builder_version=&#8220;4.21.0&#8243; _module_preset=&#8220;default&#8220; custom_padding=&#8220;0px||||false|false&#8220; global_colors_info=&#8220;{}&#8220;][et_pb_divider color=&#8220;gcid-270b494a-7797-4179-a3cb-58e2ea5a2b33&#8243; _builder_version=&#8220;4.27.4&#8243; _module_preset=&#8220;5200da7b-563b-4c0c-bd07-5e3961b55ef6&#8243; custom_margin_tablet=&#8220;5px||||false|false&#8220; custom_margin_phone=&#8220;0px||||false|false&#8220; custom_margin_last_edited=&#8220;off|desktop&#8220; locked=&#8220;off&#8220; global_colors_info=&#8220;{%22gcid-270b494a-7797-4179-a3cb-58e2ea5a2b33%22:%91%22color%22%93}&#8220;][\/et_pb_divider][\/et_pb_column][et_pb_column type=&#8220;1_3&#8243; _builder_version=&#8220;4.21.0&#8243; _module_preset=&#8220;default&#8220; global_colors_info=&#8220;{}&#8220;][et_pb_icon font_icon=&#8220;&#xf083;||fa||900&#8243; _builder_version=&#8220;4.27.4&#8243; _module_preset=&#8220;22dc8c76-083b-4e97-9892-a8d2188dccaa&#8220; custom_margin=&#8220;-24px||||false|false&#8220; custom_margin_tablet=&#8220;0px||||false|false&#8220; custom_margin_phone=&#8220;0px||||false|false&#8220; custom_margin_last_edited=&#8220;on|desktop&#8220; global_colors_info=&#8220;{}&#8220;][\/et_pb_icon][\/et_pb_column][et_pb_column type=&#8220;1_3&#8243; _builder_version=&#8220;4.21.0&#8243; _module_preset=&#8220;default&#8220; global_colors_info=&#8220;{}&#8220;][et_pb_divider color=&#8220;gcid-270b494a-7797-4179-a3cb-58e2ea5a2b33&#8243; _builder_version=&#8220;4.27.4&#8243; _module_preset=&#8220;5200da7b-563b-4c0c-bd07-5e3961b55ef6&#8243; custom_margin_tablet=&#8220;5px||||false|false&#8220; custom_margin_phone=&#8220;0px||||false|false&#8220; custom_margin_last_edited=&#8220;off|desktop&#8220; locked=&#8220;off&#8220; global_colors_info=&#8220;{%22gcid-270b494a-7797-4179-a3cb-58e2ea5a2b33%22:%91%22color%22%93}&#8220;][\/et_pb_divider][\/et_pb_column][\/et_pb_row][et_pb_row _builder_version=&#8220;4.21.0&#8243; _module_preset=&#8220;default&#8220; max_width=&#8220;none&#8220; custom_padding=&#8220;||0px||false|false&#8220; global_colors_info=&#8220;{}&#8220;][et_pb_column type=&#8220;4_4&#8243; _builder_version=&#8220;4.21.0&#8243; _module_preset=&#8220;default&#8220; global_colors_info=&#8220;{}&#8220;][et_pb_heading title=&#8220;Drohnenaufnahmen, die begeistern.&#8220; _builder_version=&#8220;4.27.4&#8243; _module_preset=&#8220;d0f23428-c8f5-4bf3-ae39-ba524bdadbd0&#8243; title_text_align=&#8220;center&#8220; title_font_size=&#8220;6vw&#8220; global_colors_info=&#8220;{}&#8220;][\/et_pb_heading][\/et_pb_column][\/et_pb_row][et_pb_row _builder_version=&#8220;4.21.0&#8243; _module_preset=&#8220;default&#8220; global_colors_info=&#8220;{}&#8220;][et_pb_column type=&#8220;4_4&#8243; _builder_version=&#8220;4.21.0&#8243; _module_preset=&#8220;default&#8220; global_colors_info=&#8220;{}&#8220;][et_pb_button button_text=&#8220;Kontakt &#8220; button_alignment=&#8220;center&#8220; _builder_version=&#8220;4.27.4&#8243; _module_preset=&#8220;24d0a342-524d-4414-a34c-03ad7a1520ea&#8220; global_colors_info=&#8220;{}&#8220;][\/et_pb_button][\/et_pb_column][\/et_pb_row][\/et_pb_section]<\/p>\n","protected":false},"excerpt":{"rendered":"<p>Ich wurde 1975 in Salzgitter geboren, bin in Hamburg aufgewachsen und lebe seit 2005 mit meiner Familie in Elmshorn. Bereits in meiner Kindheit bin ich gern mit der Kamera unterwegs gewesen. Meine erste Drohne hatte ich mir 2019 angeschafft, nachdem ich von Urlaubsbildern eines Arbeitskollegen begeistert war. Seit dem bin ich immer wieder gern mit [&hellip;]<\/p>\n","protected":false},"author":1,"featured_media":0,"parent":0,"menu_order":0,"comment_status":"closed","ping_status":"closed","template":"","meta":{"_et_pb_use_builder":"on","_et_pb_old_content":"","_et_gb_content_width":"","footnotes":""},"class_list":["post-7","page","type-page","status-publish","hentry"],"_links":{"self":[{"href":"https:\/\/svennolino.de\/index.php?rest_route=\/wp\/v2\/pages\/7","targetHints":{"allow":["GET"]}}],"collection":[{"href":"https:\/\/svennolino.de\/index.php?rest_route=\/wp\/v2\/pages"}],"about":[{"href":"https:\/\/svennolino.de\/index.php?rest_route=\/wp\/v2\/types\/page"}],"author":[{"embeddable":true,"href":"https:\/\/svennolino.de\/index.php?rest_route=\/wp\/v2\/users\/1"}],"replies":[{"embeddable":true,"href":"https:\/\/svennolino.de\/index.php?rest_route=%2Fwp%2Fv2%2Fcomments&post=7"}],"version-history":[{"count":5,"href":"https:\/\/svennolino.de\/index.php?rest_route=\/wp\/v2\/pages\/7\/revisions"}],"predecessor-version":[{"id":340,"href":"https:\/\/svennolino.de\/index.php?rest_route=\/wp\/v2\/pages\/7\/revisions\/340"}],"wp:attachment":[{"href":"https:\/\/svennolino.de\/index.php?rest_route=%2Fwp%2Fv2%2Fmedia&parent=7"}],"curies":[{"name":"wp","href":"https:\/\/api.w.org\/{rel}","templated":true}]}}