{"id":9,"date":"2025-10-15T12:30:05","date_gmt":"2025-10-15T12:30:05","guid":{"rendered":"https:\/\/svennolino.de\/?page_id=9"},"modified":"2025-10-20T19:08:59","modified_gmt":"2025-10-20T19:08:59","slug":"about","status":"publish","type":"page","link":"https:\/\/svennolino.de\/?page_id=9","title":{"rendered":"About"},"content":{"rendered":"<p>[et_pb_section fb_built=&#8220;1&#8243; admin_label=&#8220;About&#8220; _builder_version=&#8220;4.21.0&#8243; _module_preset=&#8220;default&#8220; collapsed=&#8220;on&#8220; global_colors_info=&#8220;{}&#8220;][et_pb_row column_structure=&#8220;1_2,1_2&#8243; make_equal=&#8220;on&#8220; _builder_version=&#8220;4.27.4&#8243; _module_preset=&#8220;default&#8220; global_colors_info=&#8220;{}&#8220;][et_pb_column type=&#8220;1_2&#8243; _builder_version=&#8220;4.27.4&#8243; _module_preset=&#8220;default&#8220; background_image=&#8220;https:\/\/svennolino.de\/wp-content\/uploads\/2025\/10\/PXL_20250826_114844955.RAW-02.ORIGINAL-scaled.jpg&#8220; background_position=&#8220;center_right&#8220; global_colors_info=&#8220;{}&#8220;][et_pb_divider show_divider=&#8220;off&#8220; _builder_version=&#8220;4.27.4&#8243; _module_preset=&#8220;default&#8220; height_tablet=&#8220;40vw&#8220; height_phone=&#8220;40vw&#8220; height_last_edited=&#8220;on|desktop&#8220; locked=&#8220;off&#8220; global_colors_info=&#8220;{}&#8220;][\/et_pb_divider][\/et_pb_column][et_pb_column type=&#8220;1_2&#8243; _builder_version=&#8220;4.27.4&#8243; _module_preset=&#8220;default&#8220; custom_padding=&#8220;4vw||4vw||true|false&#8220; custom_padding_tablet=&#8220;0vw||0vw||true|false&#8220; custom_padding_phone=&#8220;0vw||0vw||true|false&#8220; custom_padding_last_edited=&#8220;on|desktop&#8220; global_colors_info=&#8220;{}&#8220;][et_pb_heading title=&#8220;Sven Herrmann&#8220; _builder_version=&#8220;4.27.4&#8243; _module_preset=&#8220;20b50701-0c50-4ee8-96e3-a6bec2fbe880&#8243; custom_margin=&#8220;||10px||false|false&#8220; global_colors_info=&#8220;{}&#8220;][\/et_pb_heading][et_pb_text _builder_version=&#8220;4.27.4&#8243; _module_preset=&#8220;2d227b19-661b-4595-9210-b3e662b763ad&#8220; global_colors_info=&#8220;{}&#8220;]<\/p>\n<p>Ich wurde im Jahr 1975 in Salzgitter geboren. Lebe seit meinem 5. Lebensjahr in Hamburg und wohne seit 2005 in Elmshorn im Kreis Pinneberg.\u00a0<\/p>\n<p>Nach dem Abitur, habe ich meinen Zivildienst geleistet und im Anschluss ein duales Studium an der Nordakademie zum Diplom Wirtschaftsinformatiker (FH) erfolgreich bestanden. Ich bin seit dem im SAP-HCM Umfeld inzwischen als Senior Consultant t\u00e4tig.\u00a0<\/p>\n<p>\u00a0Fotografiert habe ich in meiner Kindheit schon gern. Dar\u00fcber hinaus bin ich gern mit dem Fahrrad unterwegs. Gerne besuche ich sch\u00f6ne Orte und mache Aufnahmen. Diese teile ich auf meinen Kan\u00e4len. Mit der Drohne fliege ich seit 2019 leidenschaftlich und nutze sie um sch\u00f6ne Videos zu erstellen. Ich habe seit 2024 einen A2-F\u00fchrerschein und f\u00fcr das Land Schleswig-Holstein eine Allgemeine Erlaubnis.\u00a0<\/p>\n<p>&nbsp;<\/p>\n<p>[\/et_pb_text][\/et_pb_column][\/et_pb_row][et_pb_row column_structure=&#8220;1_2,1_2&#8243; make_equal=&#8220;on&#8220; _builder_version=&#8220;4.27.4&#8243; _module_preset=&#8220;default&#8220; global_colors_info=&#8220;{}&#8220;][et_pb_column type=&#8220;1_2&#8243; _builder_version=&#8220;4.21.0&#8243; _module_preset=&#8220;default&#8220; custom_padding=&#8220;4vw||4vw||true|false&#8220; custom_padding_tablet=&#8220;0vw||0vw||true|false&#8220; custom_padding_phone=&#8220;0vw||0vw||true|false&#8220; custom_padding_last_edited=&#8220;on|desktop&#8220; global_colors_info=&#8220;{}&#8220;][et_pb_text _builder_version=&#8220;4.27.4&#8243; _module_preset=&#8220;2d227b19-661b-4595-9210-b3e662b763ad&#8220; hover_enabled=&#8220;0&#8243; global_colors_info=&#8220;{}&#8220; custom_padding=&#8220;||0px|3px||&#8220; sticky_enabled=&#8220;0&#8243;]<\/p>\n<h2 class=\"et_pb_module_heading et-fb-editable-element et-fb-editable-element__editing\" data-shortcode-id=\"2.0.0.0-1760986124189\" data-quickaccess-id=\"title\" contenteditable=\"true\">BUCHUNGSANFRAGE &amp; Preise<\/h2>\n<p>Hin und wieder bekomme ich Anfragen, ob ich Aufnahmen im Auftrag erstellen kann. Das mache ich gern. Ich fliege daf\u00fcr inzwischen mit einer DJI Mini 5 Drohne.<\/p>\n<p>Mein Preismodell ist sehr einfach gestaltet. Ich rechne gern mit einem pauschalen Preis zzgl. Anfahrtskosten und Kosten f\u00fcr Genehmigungen ab. Stellt dazu gern eine Anfrage \u00fcber das <a href=\"https:\/\/svennolino.de\/?page_id=11\" target=\"_blank\" rel=\"noopener\">Kontaktformular<\/a>.<\/p>\n<p>[\/et_pb_text][\/et_pb_column][et_pb_column type=&#8220;1_2&#8243; _builder_version=&#8220;4.27.4&#8243; _module_preset=&#8220;default&#8220; background_image=&#8220;https:\/\/svennolino.de\/wp-content\/uploads\/2025\/10\/MS08150-scaled.jpg&#8220; global_colors_info=&#8220;{}&#8220;][et_pb_divider show_divider=&#8220;off&#8220; _builder_version=&#8220;4.21.0&#8243; _module_preset=&#8220;default&#8220; height_tablet=&#8220;40vw&#8220; height_phone=&#8220;40vw&#8220; height_last_edited=&#8220;on|desktop&#8220; locked=&#8220;off&#8220; global_colors_info=&#8220;{}&#8220;][\/et_pb_divider][\/et_pb_column][\/et_pb_row][\/et_pb_section]<\/p>\n","protected":false},"excerpt":{"rendered":"<p>Ich wurde im Jahr 1975 in Salzgitter geboren. Lebe seit meinem 5. Lebensjahr in Hamburg und wohne seit 2005 in Elmshorn im Kreis Pinneberg.\u00a0 Nach dem Abitur, habe ich meinen Zivildienst geleistet und im Anschluss ein duales Studium an der Nordakademie zum Diplom Wirtschaftsinformatiker (FH) erfolgreich bestanden. Ich bin seit dem im SAP-HCM Umfeld inzwischen [&hellip;]<\/p>\n","protected":false},"author":1,"featured_media":0,"parent":0,"menu_order":0,"comment_status":"closed","ping_status":"closed","template":"","meta":{"_et_pb_use_builder":"on","_et_pb_old_content":"","_et_gb_content_width":"","footnotes":""},"class_list":["post-9","page","type-page","status-publish","hentry"],"_links":{"self":[{"href":"https:\/\/svennolino.de\/index.php?rest_route=\/wp\/v2\/pages\/9","targetHints":{"allow":["GET"]}}],"collection":[{"href":"https:\/\/svennolino.de\/index.php?rest_route=\/wp\/v2\/pages"}],"about":[{"href":"https:\/\/svennolino.de\/index.php?rest_route=\/wp\/v2\/types\/page"}],"author":[{"embeddable":true,"href":"https:\/\/svennolino.de\/index.php?rest_route=\/wp\/v2\/users\/1"}],"replies":[{"embeddable":true,"href":"https:\/\/svennolino.de\/index.php?rest_route=%2Fwp%2Fv2%2Fcomments&post=9"}],"version-history":[{"count":3,"href":"https:\/\/svennolino.de\/index.php?rest_route=\/wp\/v2\/pages\/9\/revisions"}],"predecessor-version":[{"id":371,"href":"https:\/\/svennolino.de\/index.php?rest_route=\/wp\/v2\/pages\/9\/revisions\/371"}],"wp:attachment":[{"href":"https:\/\/svennolino.de\/index.php?rest_route=%2Fwp%2Fv2%2Fmedia&parent=9"}],"curies":[{"name":"wp","href":"https:\/\/api.w.org\/{rel}","templated":true}]}}